{"id":1321,"date":"2016-09-05T10:19:40","date_gmt":"2016-09-05T08:19:40","guid":{"rendered":"https:\/\/www.varmonoleggio.com\/it\/?page_id=1321"},"modified":"2023-05-06T17:05:43","modified_gmt":"2023-05-06T15:05:43","slug":"privacy","status":"publish","type":"page","link":"https:\/\/www.varmonoleggio.com\/it\/privacy\/","title":{"rendered":"Privacy"},"content":{"rendered":"<div class=\"iub_header\">\n<p><strong>Informativa Privacy<\/strong><\/p>\n<p>&nbsp;<\/p>\n<p>Alla luce della normativa sul trattamento dei dati personali, ed in particolare del Regolamento Europeo 2016\/679 (<em>infra<\/em>, anche \u201c<strong>GDPR<\/strong>\u201d) e del D. Lgs. 196\/2003, come modificato dal D. Lgs. 101\/2018, <strong>V.a.r.m.o. S.r.l.<\/strong> \u00e8 a fornirle le seguenti informazioni, al fine di illustrare le caratteristiche e le modalit\u00e0 del trattamento dei dati personali da lei conferiti, in qualit\u00e0 di interessato (<em>infra<\/em>, anche \u201c<strong>Interessato<\/strong>\u201d o \u201c<strong>Utente<\/strong>\u201d), attraverso la consultazione del sito internet \u201c<strong>www.varmonoleggio.com<\/strong>\u201d.<\/p>\n<p>Si precisa che la presente informativa si riferisce unicamente a questo sito e non ad altri siti web, eventualmente raggiungibili dall\u2019Utente mediante link in esso presenti.<\/p>\n<p>&nbsp;<\/p>\n<ol>\n<li><strong>Il titolare del trattamento<\/strong><\/li>\n<\/ol>\n<p><strong>\u00a0<\/strong><\/p>\n<p>La informiamo che il titolare del trattamento (<em>infra<\/em>, anche, \u201c<strong>Titolare<\/strong>\u201d) dei dati personali conferiti attraverso la consultazione di questo sito internet \u00e8 <strong>V.a.r.m.o. S.r.l.<\/strong>, con sede legale in San Giovanni Lupatoto, Via Monte Cervino n. 19, P.I\/C.F. 01638800233.<\/p>\n<p>In qualunque momento potr\u00e0 rivolgersi al Titolare per informazioni che riguardano il trattamento dei suoi dati, ai seguenti contatti: telefono 045-8778523; indirizzo e-mail info@varmonoleggio.com; casella di posta elettronica certificata (Pec) varmo@pec.it<\/p>\n<p>La informiamo, inoltre, che il Titolare del trattamento potrebbe avvalersi di soggetti debitamente autorizzati al trattamento dei dati, per il raggiungimento delle finalit\u00e0 indicate all\u2019interno della presente informativa.<\/p>\n<p>&nbsp;<\/p>\n<ol start=\"2\">\n<li><strong>Tipologia di dati raccolti<\/strong><\/li>\n<\/ol>\n<p>&nbsp;<\/p>\n<p>Quando consulta il sito, vengono trattati diversi tipi di dati, ed in particolare:<\/p>\n<p>&nbsp;<\/p>\n<ul>\n<li><strong>dati di navigazione<\/strong>. Durante la navigazione, il sito web raccoglie alcuni dati personali, la cui trasmissione \u00e8 implicita nell\u2019uso dei protocolli di comunicazione di Internet. Si tratta di informazioni che non sono raccolte per essere associate a interessati identificati, ma che per loro stessa natura potrebbero, attraverso elaborazioni ed associazioni con dati detenuti da terzi, permettere di identificare gli utenti. In questa categoria di dati rientrano gli indirizzi IP o i nomi del dominio dei computer usati dagli utenti che si connettono al sito, l\u2019orario della richiesta, la dimensione del file ottenuto in risposta, il codice numerico indicante lo stato della risposta data dal server (buon fine, errore, ecc.) ed altri parametri relativi al sistema operativo e all\u2019ambiente informatico dell\u2019utente.<br \/>\nQuesti dati vengono trattati al solo fine di ricavare informazioni statistiche anonime sull\u2019uso del sito e per controllarne il corretto funzionamento e vengono cancellati dopo l\u2019elaborazione. I dati potrebbero essere utilizzati per l\u2019accertamento di responsabilit\u00e0 in caso di ipotetici reati informatici ai danni del sito.<\/li>\n<li><strong>Dati raccolti utilizzando cookie o tecnologie similari.<\/strong><\/li>\n<li>Dati che abbiamo bisogno di ottenere per poter dimostrare che <strong>ci ha dato il suo consenso<\/strong>, laddove richiesto.<\/li>\n<li><strong>dati forniti da lei, quale Utente del sito<\/strong>: dati personali di contatto come nome, e-mail, numero di telefono.<\/li>\n<\/ul>\n<p>&nbsp;<\/p>\n<ol start=\"3\">\n<li><strong>Finalit\u00e0, base giuridica del trattamento, natura del conferimento dei dati<\/strong><\/li>\n<\/ol>\n<p>&nbsp;<\/p>\n<ul>\n<li>La informiamo che il trattamento dei suoi dati di natura personale, conferiti mediante la compilazione del <em>form<\/em> \u201c<strong>contattaci<\/strong>\u201d o del <em>form<\/em> presente nella sezione \u201c<strong>auto usate<\/strong>\u201d, come nome, e-mail, numero di telefono, \u00e8 finalizzato a poterla ricontattare per fornirle le informazioni richieste.<\/li>\n<\/ul>\n<p>Nel caso di inserimento password all\u2019interno <strong>dell\u2019area privata,<\/strong> i dati saranno trattati solo per permettere il suo accesso a questa parte del sito.<\/p>\n<p>Ai sensi dell\u2019art. 6, par. 1, lett. a) del GDPR, si precisa che tale tali trattamenti trovano la propria base giuridica nel consenso dell\u2019interessato, che si considerer\u00e0 prestato nel caso in cui lei apponga un <em>flag<\/em> nell\u2019apposita casella in calce al <em>form<\/em>.<\/p>\n<p>Nel caso in cui messaggio di testo contenesse una richiesta di preventivo, la base giuridica del trattamento consisterebbe invece nell\u2019esecuzione di misure precontrattuali su richiesta dell\u2019Interessato, ai sensi dell\u2019art. 6 par.1, lett. b) del GDPR.<\/p>\n<p>&nbsp;<\/p>\n<p>Il conferimento di questi dati \u00e8 facoltativo, ma l\u2019eventuale rifiuto di conferire i dati indicati come \u201crichiesti\u201d o accompagnati da un asterisco, non permetter\u00e0 al Titolare del trattamento di contattarla per rispondere alle sue richieste e\/o di permettere il suo accesso all\u2019area privata.<\/p>\n<p>&nbsp;<\/p>\n<ul>\n<li>Allo stesso tempo, l\u2019invio facoltativo, esplicito e volontario <strong>di posta elettronica<\/strong> ai contatti indicati su questo sito, cos\u00ec come la richiesta di informazioni ai numeri di telefono indicati o via fax, comporta la successiva acquisizione di dati, necessari per rispondere alle richieste, nonch\u00e9 degli eventuali altri dati personali inseriti nella missiva.<\/li>\n<\/ul>\n<p>&nbsp;<\/p>\n<p>In ogni caso, sar\u00e0 cura del Titolare fornire all\u2019interessato <strong>una specifica informativa<\/strong>, nel caso in cui successivamente dovessero emergere delle altre finalit\u00e0 di trattamento.<\/p>\n<p>&nbsp;<\/p>\n<ul>\n<li>La informiamo inoltre che il trattamento dei suoi dati di natura personale, conferiti mediante la compilazione del <em>form<\/em> \u201c<strong>iscriviti alla newsletter<\/strong>\u201d ovvero esprimendo uno specifico consenso in calce ad altri <em>form<\/em> presenti sul sito, \u00e8 finalizzato a poterle inviare a mezzo e-mail informazioni\/offerte\/promozioni. Anche in questo caso, la base giuridica del trattamento consiste nel suo consenso, ai sensi dell\u2019art. 6, par. 1, lett. a) del GDPR. Potr\u00e0 cancellarsi direttamente in qualsiasi momento utilizzando il link specifico presente nella newsletter stessa o comunque revocare il consenso inviando un\u2019e-mail a <a href=\"mailto:info@varmonoleggio.com\">info@varmonoleggio.com<\/a><\/li>\n<\/ul>\n<p>&nbsp;<\/p>\n<p>Il conferimento di questi dati \u00e8 facoltativo, ma l\u2019eventuale rifiuto di conferire i dati indicati come \u201cobbligatori\u201d, non permetter\u00e0 al Titolare del trattamento di inviarle la newsletter.<\/p>\n<p>&nbsp;<\/p>\n<ul>\n<li>La informiamo che Varmo S.r.l. potr\u00e0 trattare i suoi dati anche <strong>per prevenire abusi e frodi<\/strong>, <strong>per l\u2019accertamento, l\u2019esercizio o la difesa di un diritto del Titolare<\/strong> e per la <strong>trasmissione di dati ad organismi e autorit\u00e0 pubbliche, e l\u2019assolvimento di eventuali\u00a0obblighi di legge e\/o regolamentari.<\/strong> In questi casi, la base giuridica dei trattamenti consiste rispettivamente nel legittimo interesse del Titolare del trattamento e nell\u2019adempimento di obblighi di legge, ai sensi dell\u2019art. 6 par.1, lett. f) e lett. c) del GDPR.<\/li>\n<\/ul>\n<p>&nbsp;<\/p>\n<ol start=\"4\">\n<li><strong>Modalit\u00e0 di conservazione dei dati<\/strong><\/li>\n<\/ol>\n<p><strong>\u00a0<\/strong><\/p>\n<p>La conservazione dei suoi dati avverr\u00e0 in forma cartacea e\/o elettronica.<\/p>\n<p>Varmo S.r.l. non adotta invece alcun processo decisionale automatizzato con fini di profilazione commerciale, di cui all\u2019articolo 22, paragrafi 1 e 4, del Regolamento UE n. 679\/2016.<\/p>\n<p>La informiamo inoltre che il trattamento da parte del Titolare avviene con l\u2019adozione di specifiche misure di sicurezza atte ad evitare qualsiasi violazione dei dati personali, quali la perdita dei dati, usi illeciti o non corretti ed accessi non autorizzati. Tuttavia, tali misure, per la natura del mezzo di trasmissione online, non possono limitare o escludere in assoluto qualsiasi rischio di accesso non consentito o di dispersione dei dati. A tal fine si consiglia di verificare periodicamente che il proprio dispositivo sia dotato di dispositivi software adeguati alla protezione della trasmissione in rete di dati, sia in entrata sia in uscita (come sistemi antivirus aggiornati) e che il fornitore di servizi Internet abbia adottato misure idonee per la sicurezza della trasmissione di dati in rete (come ad esempio firewall e filtri antispamming). Inoltre, per la registrazione si consiglia di utilizzare una password univoca e forte, limitare l\u2019accesso al proprio dispositivo ed effettuare il <em>logout<\/em> dopo aver utilizzato il servizio reso dal sito.<\/p>\n<ol start=\"5\">\n<li><strong>Periodo di conservazione dei dati<\/strong><\/li>\n<\/ol>\n<p>Il trattamento dei dati avviene per il tempo strettamente necessario al soddisfacimento delle finalit\u00e0 di cui al punto 3. Pi\u00f9 precisamente:<\/p>\n<ul>\n<li>i dati trattati per poterla ricontattare, a seguito di sua richiesta, per fornire informazioni, saranno conservati per il tempo strettamente necessario al soddisfacimento di tale finalit\u00e0, e comunque non oltre 12 mesi. Dopodich\u00e9, salvo non intervengano ulteriori finalit\u00e0 di trattamento (per le quali, verr\u00e0 fornita idonea informativa), i dati verranno cancellati.<\/li>\n<li>I dati trattati per l\u2019invio della newsletter saranno conservati per 24 mesi. Dopodich\u00e9, salvo previa revoca, provvederemo a richiederle un nuovo consenso.<\/li>\n<li>Nel caso in cui il trattamento si renda necessario per esercitare i legittimi interessi del Titolare, come sopra illustrati, o per l\u2019adempimento di obblighi di legge, la conservazione avr\u00e0 una durata differenziata a seconda della normativa di riferimento.<\/li>\n<li>Infine, conserveremo i dati che ci permettono di dimostrare il suo consenso al trattamento dei tuoi dati fino a quando effettuer\u00e0 delle attivit\u00e0, e successivamente per 3 anni, fatto salvo in ogni caso il rispetto della normativa vigente.<\/li>\n<\/ul>\n<p>&nbsp;<\/p>\n<p>Decorsi i termini di conservazione sopra indicati, i dati saranno distrutti, cancellati o resi anonimi.<\/p>\n<p>&nbsp;<\/p>\n<ol start=\"6\">\n<li><strong>Categorie di soggetti ai quali i dati possono essere comunicati<\/strong><\/li>\n<\/ol>\n<p><strong>\u00a0<\/strong><\/p>\n<p>La informiamo che i suoi dati personali non verranno comunicati a terzi, tranne in quei casi nei quali sia indispensabile, e solo nella misura strettamente necessaria a realizzare le finalit\u00e0 del trattamento.<\/p>\n<p>Pertanto, tali dati potranno essere comunicati a soggetti autorizzati facenti parte della nostra azienda; a personale esterno (come fornitori di servizi tecnici terzi, hosting provider, societ\u00e0 informatiche, fornitori di invio e-mail), di volta in volta nominati, se necessario, Responsabili del trattamento a norma dell\u2019art. 4 n.8) GDPR che definisce come \u201cresponsabile del trattamento\u201d la persona fisica o giuridica, l\u2019autorit\u00e0 pubblica, il servizio o altro organismo che tratta dati personali per conto del titolare del trattamento; a soggetti ai quali la facolt\u00e0 di accedere ai dati sia accordata da disposizioni di legge o regolamenti e altri soggetti previsti dalla legge.<\/p>\n<p><strong>In ogni caso potr\u00e0 sempre richiedere al Titolare del trattamento l\u2019elenco aggiornato dei Responsabili del trattamento.<\/strong><\/p>\n<p>I dati non saranno invece diffusi, ossia comunicati a soggetti indeterminati.<\/p>\n<p>&nbsp;<\/p>\n<ol start=\"7\">\n<li><strong>Trasferimento dei dati extra UE<\/strong><\/li>\n<\/ol>\n<p><strong>\u00a0<\/strong><\/p>\n<p>I dati personali sono conservati su server ubicati all\u2019interno dell\u2019Unione Europea e non saranno trasferiti al di fuori dell\u2019Unione Europea.<\/p>\n<p>In caso contrario, dopo averla debitamente informata, questo trasferimento avverr\u00e0, laddove ne ricorrano i presupposti, ai sensi dell\u2019art.49 del GDPR e\/o garantendo un livello adeguato di protezione dei dati personali basato su una decisione di adeguatezza, su clausole standard definite dalla Commissione Europea o su Norme Vincolanti d\u2019Impresa (cd. Binding Corporate Rules \u2013 BCR).<\/p>\n<p>&nbsp;<\/p>\n<p>Precisiamo che <strong>l\u2019erogazione e la gestione della newsletter viene effettuato tramite la piattaforma MailChimp<\/strong>, (The Rocket Science Group, LLC, 512 Means St. Suite 404, 30318, Atlanta, Georgia) per la cui informativa sul trattamento dei dati personali si rinvia al sito\u00a0<a href=\"https:\/\/mailchimp.com\/legal\/privacy\/\">https:\/\/mailchimp.com\/legal\/privacy\/<\/a><br \/>\nPertanto, i dati di registrazione alla newsletter vengono memorizzati \u2013 ai soli fini di archiviazione e gestione dell\u2019invio dei messaggi e-mail \u2013 <strong>sui server di MailChimp localizzati negli stati Uniti<\/strong>. In ogni caso, la informiamo che la societ\u00e0 proprietaria di Mailchimp ha aderito al EU-US Privacy Shield Framework. A tale proposito, si impegna a gestire i dati personali provenienti da cittadini dell&#8217;Unione Europea in conformit\u00e0 agli schemi di certificazione dettati dal Privacy Shield Framework. Ulteriori informazioni sul Privacy Shield Framework sono disponibili al seguente link\u00a0<a href=\"https:\/\/www.privacyshield.gov\/welcome\">https:\/\/www.privacyshield.gov\/welcome<\/a>.Inoltre, la stessa opera sulla base di uno specifico accordo di Data Processing Agreement con il Titolare del trattamento, di talch\u00e8 The Rocket Science Group, LLC agisce quale responsabile esterno del trattamento.<\/p>\n<p>&nbsp;<\/p>\n<ol start=\"8\">\n<li><strong>Diritti dell\u2019Interessato<\/strong><\/li>\n<\/ol>\n<p><strong>\u00a0<\/strong><\/p>\n<p>In conformit\u00e0 a quanto previsto dal GDPR, l\u2019Interessato ha il diritto di esercitare i seguenti diritti:<\/p>\n<ul>\n<li><strong>diritto di accesso<\/strong> &#8211; ottenere conferma che sia o meno in corso un trattamento di dati personali che la riguardano e, in tal caso, ricevere informazioni relative, in particolare, a: finalit\u00e0 del trattamento, categorie di dati personali trattati e periodo di conservazione, destinatari cui questi possono essere comunicati (articolo 15, GDPR);<\/li>\n<li><strong>diritto di rettifica<\/strong> &#8211; ottenere, senza ingiustificato ritardo, la rettifica dei dati personali inesatti che la riguardano e l\u2019integrazione dei dati personali incompleti (articolo 16, GDPR);<\/li>\n<li><strong>diritto alla cancellazione<\/strong> &#8211; ottenere, senza ingiustificato ritardo, la cancellazione dei dati personali che la riguardano, nei casi previsti dal GDPR (articolo 17, GDPR);<\/li>\n<li><strong>diritto di limitazione<\/strong> &#8211; ottenere dal Titolare la limitazione del trattamento, nei casi previsti dal GDPR (articolo 18, GDPR);<\/li>\n<li><strong>diritto alla portabilit\u00e0<\/strong> &#8211; ricevere in un formato strutturato, di uso comune e leggibile da un dispositivo automatico, i dati personali che la riguardano forniti al Titolare, nonch\u00e9 ottenere che gli stessi siano trasmessi ad altro titolare senza impedimenti, nei casi previsti dal GDPR (articolo 20, GDPR);<\/li>\n<li><strong>diritto di opposizione<\/strong> &#8211; opporsi al trattamento dei dati personali che la riguardano, salvo che sussistano motivi legittimi per il Titolare di continuare il trattamento (articolo 21, GDPR);<\/li>\n<\/ul>\n<p>Inoltre, ai sensi dell\u2019art. 7, par. 3, GDPR, la informiamo che l\u2019Interessato pu\u00f2 esercitare in qualsiasi momento il suo diritto di <strong>revoca del consenso<\/strong>, senza che venga pregiudicata la liceit\u00e0 del trattamento basata sul consenso prestato antecedentemente.<\/p>\n<p><strong><u>Per una migliore comprensione di questi diritti, la invitiamo comunque a consultare gli artt. 15 e ss. del GDPR<\/u><\/strong><strong>.<\/strong><\/p>\n<p>Per <strong>esercitare i predetti diritti<\/strong>, pu\u00f2 indirizzare una richiesta al Titolare via e-mail, via pec o via posta, ai dati di contatto del Titolare indicati all\u2019interno dell\u2019informativa.<\/p>\n<p>&nbsp;<\/p>\n<p>Infine, la informiamo che l\u2019Interessato ha diritto di <strong>proporre reclamo<\/strong> dinanzi all\u2019Autorit\u00e0 di Controllo, che in Italia \u00e8 il Garante per la Protezione dei Dati Personali.<\/p>\n<p>&nbsp;<\/p>\n<ol start=\"9\">\n<li><strong>Minori<\/strong><\/li>\n<\/ol>\n<p>&nbsp;<\/p>\n<p>Ai sensi dell\u2019art. 8 GDPR, la informiamo che qualora si applichi l&#8217;<a href=\"https:\/\/www.privacy-regulation.eu\/it\/6.htm\">articolo 6<\/a>, paragrafo 1, lettera a), per quanto riguarda l&#8217;offerta diretta di servizi della societ\u00e0 dell&#8217;informazione ai minori, il trattamento di dati personali del minore \u00e8 lecito ove il minore abbia almeno 16 anni (14 anni se si trova su territorio italiano). Ove il minore abbia un&#8217;et\u00e0 inferiore, tale trattamento \u00e8 lecito soltanto se e nella misura in cui tale consenso \u00e8 prestato o autorizzato dal titolare della responsabilit\u00e0 genitoriale.<\/p>\n<p><strong>\u00a0<\/strong><\/p>\n<ol start=\"10\">\n<li><strong>Aggiornamenti dell\u2019informativa<\/strong><\/li>\n<\/ol>\n<p><strong>\u00a0<\/strong><\/p>\n<p>La informiamo che la presente Informativa potrebbe essere soggetta ad aggiornamenti periodici di cui verr\u00e0 data evidenza con modalit\u00e0 idonee a rendere edotti gli Interessati, in particolare attraverso la pubblicazione sul sito.<\/p>\n<p>&nbsp;<\/p>\n<p>Ultimo aggiornamento effettuato in data 10\/05\/2021<\/p>\n<\/div>\n","protected":false},"excerpt":{"rendered":"<p>Informativa Privacy &nbsp; Alla luce della normativa sul trattamento dei dati personali, ed in particolare del Regolamento Europeo 2016\/679 (infra, anche \u201cGDPR\u201d) e del D. Lgs. 196\/2003, come modificato dal D. Lgs. 101\/2018, V.a.r.m.o. S.r.l. \u00e8 a fornirle le seguenti informazioni, al fine di illustrare le caratteristiche e le modalit\u00e0 del trattamento dei dati personali [&hellip;]<\/p>\n","protected":false},"author":1,"featured_media":0,"parent":0,"menu_order":0,"comment_status":"closed","ping_status":"closed","template":"","meta":[],"yoast_head":"<!-- This site is optimized with the Yoast SEO plugin v20.6 - https:\/\/yoast.com\/wordpress\/plugins\/seo\/ -->\n<title>Privacy - Varmo<\/title>\n<meta name=\"robots\" content=\"index, follow, max-snippet:-1, max-image-preview:large, max-video-preview:-1\" \/>\n<link rel=\"canonical\" href=\"https:\/\/www.varmonoleggio.com\/it\/privacy\/\" \/>\n<meta property=\"og:locale\" content=\"it_IT\" \/>\n<meta property=\"og:type\" content=\"article\" \/>\n<meta property=\"og:title\" content=\"Privacy - Varmo\" \/>\n<meta property=\"og:description\" content=\"Informativa Privacy &nbsp; Alla luce della normativa sul trattamento dei dati personali, ed in particolare del Regolamento Europeo 2016\/679 (infra, anche \u201cGDPR\u201d) e del D. Lgs. 196\/2003, come modificato dal D. Lgs. 101\/2018, V.a.r.m.o. S.r.l. \u00e8 a fornirle le seguenti informazioni, al fine di illustrare le caratteristiche e le modalit\u00e0 del trattamento dei dati personali [&hellip;]\" \/>\n<meta property=\"og:url\" content=\"https:\/\/www.varmonoleggio.com\/it\/privacy\/\" \/>\n<meta property=\"og:site_name\" content=\"Varmo\" \/>\n<meta property=\"article:modified_time\" content=\"2023-05-06T15:05:43+00:00\" \/>\n<meta name=\"twitter:card\" content=\"summary_large_image\" \/>\n<meta name=\"twitter:label1\" content=\"Tempo di lettura stimato\" \/>\n\t<meta name=\"twitter:data1\" content=\"11 minuti\" \/>\n<script type=\"application\/ld+json\" class=\"yoast-schema-graph\">{\"@context\":\"https:\/\/schema.org\",\"@graph\":[{\"@type\":\"WebPage\",\"@id\":\"https:\/\/www.varmonoleggio.com\/it\/privacy\/\",\"url\":\"https:\/\/www.varmonoleggio.com\/it\/privacy\/\",\"name\":\"Privacy - Varmo\",\"isPartOf\":{\"@id\":\"https:\/\/www.varmonoleggio.com\/it\/#website\"},\"datePublished\":\"2016-09-05T08:19:40+00:00\",\"dateModified\":\"2023-05-06T15:05:43+00:00\",\"breadcrumb\":{\"@id\":\"https:\/\/www.varmonoleggio.com\/it\/privacy\/#breadcrumb\"},\"inLanguage\":\"it-IT\",\"potentialAction\":[{\"@type\":\"ReadAction\",\"target\":[\"https:\/\/www.varmonoleggio.com\/it\/privacy\/\"]}]},{\"@type\":\"BreadcrumbList\",\"@id\":\"https:\/\/www.varmonoleggio.com\/it\/privacy\/#breadcrumb\",\"itemListElement\":[{\"@type\":\"ListItem\",\"position\":1,\"name\":\"Home\",\"item\":\"https:\/\/www.varmonoleggio.com\/it\/\"},{\"@type\":\"ListItem\",\"position\":2,\"name\":\"Privacy\"}]},{\"@type\":\"WebSite\",\"@id\":\"https:\/\/www.varmonoleggio.com\/it\/#website\",\"url\":\"https:\/\/www.varmonoleggio.com\/it\/\",\"name\":\"Varmo\",\"description\":\"Un nuovo sito targato WordPress\",\"publisher\":{\"@id\":\"https:\/\/www.varmonoleggio.com\/it\/#organization\"},\"potentialAction\":[{\"@type\":\"SearchAction\",\"target\":{\"@type\":\"EntryPoint\",\"urlTemplate\":\"https:\/\/www.varmonoleggio.com\/it\/?s={search_term_string}\"},\"query-input\":\"required name=search_term_string\"}],\"inLanguage\":\"it-IT\"},{\"@type\":\"Organization\",\"@id\":\"https:\/\/www.varmonoleggio.com\/it\/#organization\",\"name\":\"Varmo srl\",\"url\":\"https:\/\/www.varmonoleggio.com\/it\/\",\"logo\":{\"@type\":\"ImageObject\",\"inLanguage\":\"it-IT\",\"@id\":\"https:\/\/www.varmonoleggio.com\/it\/#\/schema\/logo\/image\/\",\"url\":\"https:\/\/www.varmonoleggio.com\/wp-content\/uploads\/2016\/08\/favicon.png\",\"contentUrl\":\"https:\/\/www.varmonoleggio.com\/wp-content\/uploads\/2016\/08\/favicon.png\",\"width\":16,\"height\":16,\"caption\":\"Varmo srl\"},\"image\":{\"@id\":\"https:\/\/www.varmonoleggio.com\/it\/#\/schema\/logo\/image\/\"}}]}<\/script>\n<!-- \/ Yoast SEO plugin. -->","yoast_head_json":{"title":"Privacy - Varmo","robots":{"index":"index","follow":"follow","max-snippet":"max-snippet:-1","max-image-preview":"max-image-preview:large","max-video-preview":"max-video-preview:-1"},"canonical":"https:\/\/www.varmonoleggio.com\/it\/privacy\/","og_locale":"it_IT","og_type":"article","og_title":"Privacy - Varmo","og_description":"Informativa Privacy &nbsp; Alla luce della normativa sul trattamento dei dati personali, ed in particolare del Regolamento Europeo 2016\/679 (infra, anche \u201cGDPR\u201d) e del D. Lgs. 196\/2003, come modificato dal D. Lgs. 101\/2018, V.a.r.m.o. S.r.l. \u00e8 a fornirle le seguenti informazioni, al fine di illustrare le caratteristiche e le modalit\u00e0 del trattamento dei dati personali [&hellip;]","og_url":"https:\/\/www.varmonoleggio.com\/it\/privacy\/","og_site_name":"Varmo","article_modified_time":"2023-05-06T15:05:43+00:00","twitter_card":"summary_large_image","twitter_misc":{"Tempo di lettura stimato":"11 minuti"},"schema":{"@context":"https:\/\/schema.org","@graph":[{"@type":"WebPage","@id":"https:\/\/www.varmonoleggio.com\/it\/privacy\/","url":"https:\/\/www.varmonoleggio.com\/it\/privacy\/","name":"Privacy - Varmo","isPartOf":{"@id":"https:\/\/www.varmonoleggio.com\/it\/#website"},"datePublished":"2016-09-05T08:19:40+00:00","dateModified":"2023-05-06T15:05:43+00:00","breadcrumb":{"@id":"https:\/\/www.varmonoleggio.com\/it\/privacy\/#breadcrumb"},"inLanguage":"it-IT","potentialAction":[{"@type":"ReadAction","target":["https:\/\/www.varmonoleggio.com\/it\/privacy\/"]}]},{"@type":"BreadcrumbList","@id":"https:\/\/www.varmonoleggio.com\/it\/privacy\/#breadcrumb","itemListElement":[{"@type":"ListItem","position":1,"name":"Home","item":"https:\/\/www.varmonoleggio.com\/it\/"},{"@type":"ListItem","position":2,"name":"Privacy"}]},{"@type":"WebSite","@id":"https:\/\/www.varmonoleggio.com\/it\/#website","url":"https:\/\/www.varmonoleggio.com\/it\/","name":"Varmo","description":"Un nuovo sito targato WordPress","publisher":{"@id":"https:\/\/www.varmonoleggio.com\/it\/#organization"},"potentialAction":[{"@type":"SearchAction","target":{"@type":"EntryPoint","urlTemplate":"https:\/\/www.varmonoleggio.com\/it\/?s={search_term_string}"},"query-input":"required name=search_term_string"}],"inLanguage":"it-IT"},{"@type":"Organization","@id":"https:\/\/www.varmonoleggio.com\/it\/#organization","name":"Varmo srl","url":"https:\/\/www.varmonoleggio.com\/it\/","logo":{"@type":"ImageObject","inLanguage":"it-IT","@id":"https:\/\/www.varmonoleggio.com\/it\/#\/schema\/logo\/image\/","url":"https:\/\/www.varmonoleggio.com\/wp-content\/uploads\/2016\/08\/favicon.png","contentUrl":"https:\/\/www.varmonoleggio.com\/wp-content\/uploads\/2016\/08\/favicon.png","width":16,"height":16,"caption":"Varmo srl"},"image":{"@id":"https:\/\/www.varmonoleggio.com\/it\/#\/schema\/logo\/image\/"}}]}},"_links":{"self":[{"href":"https:\/\/www.varmonoleggio.com\/it\/wp-json\/wp\/v2\/pages\/1321"}],"collection":[{"href":"https:\/\/www.varmonoleggio.com\/it\/wp-json\/wp\/v2\/pages"}],"about":[{"href":"https:\/\/www.varmonoleggio.com\/it\/wp-json\/wp\/v2\/types\/page"}],"author":[{"embeddable":true,"href":"https:\/\/www.varmonoleggio.com\/it\/wp-json\/wp\/v2\/users\/1"}],"replies":[{"embeddable":true,"href":"https:\/\/www.varmonoleggio.com\/it\/wp-json\/wp\/v2\/comments?post=1321"}],"version-history":[{"count":6,"href":"https:\/\/www.varmonoleggio.com\/it\/wp-json\/wp\/v2\/pages\/1321\/revisions"}],"predecessor-version":[{"id":2910,"href":"https:\/\/www.varmonoleggio.com\/it\/wp-json\/wp\/v2\/pages\/1321\/revisions\/2910"}],"wp:attachment":[{"href":"https:\/\/www.varmonoleggio.com\/it\/wp-json\/wp\/v2\/media?parent=1321"}],"curies":[{"name":"wp","href":"https:\/\/api.w.org\/{rel}","templated":true}]}}