{"id":3915,"date":"2022-07-28T22:08:03","date_gmt":"2022-07-28T20:08:03","guid":{"rendered":"https:\/\/www.varmonoleggio.com\/it\/noleggio-muletti-verona-copy\/"},"modified":"2025-05-12T09:24:34","modified_gmt":"2025-05-12T07:24:34","slug":"noleggio-piattaforme-aeree","status":"publish","type":"page","link":"https:\/\/www.varmonoleggio.com\/it\/noleggio-piattaforme-aeree\/","title":{"rendered":"Noleggio piattaforme aeree | PLE a Verona e provincia"},"content":{"rendered":"<div class=\"fusion-fullwidth fullwidth-box fusion-builder-row-1 nonhundred-percent-fullwidth non-hundred-percent-height-scrolling\" style=\"--awb-background-position:left top;--awb-border-sizes-top:0px;--awb-border-sizes-bottom:0px;--awb-border-sizes-left:0px;--awb-border-sizes-right:0px;--awb-border-radius-top-left:0px;--awb-border-radius-top-right:0px;--awb-border-radius-bottom-right:0px;--awb-border-radius-bottom-left:0px;--awb-padding-top:20px;--awb-padding-bottom:20px;\" ><div class=\"fusion-builder-row fusion-row\"><div class=\"fusion-layout-column fusion_builder_column fusion-builder-column-0 fusion_builder_column_1_1 1_1 fusion-one-full fusion-column-first fusion-column-last\" style=\"--awb-bg-size:cover;\"><div class=\"fusion-column-wrapper fusion-flex-column-wrapper-legacy\"><div class=\"fusion-title title fusion-title-1 fusion-title-text fusion-title-size-one\"><h1 class=\"title-heading-left\" style=\"margin:0;\">Contattaci subito senza impegno per noleggiare dei <strong>piattaforme aeree<\/strong> o <b>PLE<\/b>\u00a0a <strong>Verona<\/strong> e provincia ad un prezzo imbattibile.<\/p>\n<p>Noleggio di Piattaforme a breve e lungo termine. Noleggi a caldo e a freddo.<\/h1><span class=\"awb-title-spacer\"><\/span><div class=\"title-sep-container\"><div class=\"title-sep sep-double sep-solid\" style=\"border-color:#e0dede;\"><\/div><\/div><\/div><div class=\"fusion-clearfix\"><\/div><\/div><\/div><div class=\"fusion-layout-column fusion_builder_column fusion-builder-column-1 fusion_builder_column_1_2 1_2 fusion-one-half fusion-column-first\" style=\"--awb-bg-size:cover;width:48%; margin-right: 4%;\"><div class=\"fusion-column-wrapper fusion-flex-column-wrapper-legacy\"><div class=\"fusion-title title fusion-title-2 fusion-title-text fusion-title-size-three\"><h3 class=\"title-heading-left\" style=\"margin:0;\">Chiamaci ora al <a href=\"tel:+390458778523\">+39 045 8778523<\/a>, invia una mail a\u00a0<a href=\"mailto:info@varmonoleggio.com\">info@varmonoleggio.com<\/a> o compila il modulo seguente\u00a0per un preventivo gratuito senza impegno.<\/h3><span class=\"awb-title-spacer\"><\/span><div class=\"title-sep-container\"><div class=\"title-sep sep-double sep-solid\" style=\"border-color:#e0dede;\"><\/div><\/div><\/div>\n<div class=\"wpcf7 no-js\" id=\"wpcf7-f52-o1\" lang=\"it-IT\" dir=\"ltr\">\n<div class=\"screen-reader-response\"><p role=\"status\" aria-live=\"polite\" aria-atomic=\"true\"><\/p> <ul><\/ul><\/div>\n<form action=\"\/it\/wp-json\/wp\/v2\/pages\/3915#wpcf7-f52-o1\" method=\"post\" class=\"wpcf7-form init wpcf7-acceptance-as-validation\" aria-label=\"Modulo di contatto\" novalidate=\"novalidate\" data-status=\"init\">\n<div style=\"display: none;\">\n<input type=\"hidden\" name=\"_wpcf7\" value=\"52\" \/>\n<input type=\"hidden\" name=\"_wpcf7_version\" value=\"5.7.6\" \/>\n<input type=\"hidden\" name=\"_wpcf7_locale\" value=\"it_IT\" \/>\n<input type=\"hidden\" name=\"_wpcf7_unit_tag\" value=\"wpcf7-f52-o1\" \/>\n<input type=\"hidden\" name=\"_wpcf7_container_post\" value=\"0\" \/>\n<input type=\"hidden\" name=\"_wpcf7_posted_data_hash\" value=\"\" \/>\n<input type=\"hidden\" name=\"_wpcf7_recaptcha_response\" value=\"\" \/>\n<\/div>\n<p><label> Nome (richiesto)<br \/>\n<span class=\"wpcf7-form-control-wrap\" data-name=\"your-name\"><input size=\"40\" class=\"wpcf7-form-control wpcf7-text wpcf7-validates-as-required\" aria-required=\"true\" aria-invalid=\"false\" value=\"\" type=\"text\" name=\"your-name\" \/><\/span> <\/label>\n<\/p>\n<p><label> Numero di telefono (opzionale)<br \/>\n<span class=\"wpcf7-form-control-wrap\" data-name=\"your-number\"><input size=\"40\" class=\"wpcf7-form-control wpcf7-text\" aria-invalid=\"false\" value=\"\" type=\"text\" name=\"your-number\" \/><\/span> <\/label>\n<\/p>\n<p><label> Email (richiesta)<br \/>\n<span class=\"wpcf7-form-control-wrap\" data-name=\"your-email\"><input size=\"40\" class=\"wpcf7-form-control wpcf7-text wpcf7-email wpcf7-validates-as-required wpcf7-validates-as-email\" aria-required=\"true\" aria-invalid=\"false\" value=\"\" type=\"email\" name=\"your-email\" \/><\/span> <\/label>\n<\/p>\n<p><label> Testo<br \/>\n<span class=\"wpcf7-form-control-wrap\" data-name=\"your-message\"><textarea cols=\"40\" rows=\"10\" class=\"wpcf7-form-control wpcf7-textarea\" aria-invalid=\"false\" name=\"your-message\"><\/textarea><\/span> <\/label>\n<\/p>\n<p><label><br \/>\n<span class=\"wpcf7-form-control-wrap\" data-name=\"acceptance-434\"><span class=\"wpcf7-form-control wpcf7-acceptance\"><span class=\"wpcf7-list-item\"><input type=\"checkbox\" name=\"acceptance-434\" value=\"1\" aria-invalid=\"false\" \/><\/span><\/span><\/span> Confermo di aver letto l\u2019<a href=\"\/it\/privacy\" target=\"_blank\">informativa privacy<\/a> e di prestare il consenso al trattamento dei dati personali forniti per dar corso alla mia richiesta.<\/label>\n<\/p>\n<p><input class=\"wpcf7-form-control has-spinner wpcf7-submit\" type=\"submit\" value=\"Invia\" \/>\n<\/p><div class=\"fusion-alert alert custom alert-custom fusion-alert-center wpcf7-response-output alert-dismissable\" style=\"--awb-border-size:1px;\" role=\"alert\"><div class=\"fusion-alert-content-wrapper\"><span class=\"fusion-alert-content\"><\/span><\/div><button type=\"button\" class=\"close toggle-alert\" data-dismiss=\"alert\" aria-label=\"Close\">&times;<\/button><\/div>\n<\/form>\n<\/div>\n<div class=\"fusion-clearfix\"><\/div><\/div><\/div><div class=\"fusion-layout-column fusion_builder_column fusion-builder-column-2 fusion_builder_column_1_2 1_2 fusion-one-half fusion-column-last\" style=\"--awb-bg-size:cover;width:48%;\"><div class=\"fusion-column-wrapper fusion-flex-column-wrapper-legacy\"><div class=\"fusion-image-element fusion-image-align-right in-legacy-container\" style=\"text-align:right;--awb-caption-title-font-family:var(--h2_typography-font-family);--awb-caption-title-font-weight:var(--h2_typography-font-weight);--awb-caption-title-font-style:var(--h2_typography-font-style);--awb-caption-title-size:var(--h2_typography-font-size);--awb-caption-title-transform:var(--h2_typography-text-transform);--awb-caption-title-line-height:var(--h2_typography-line-height);--awb-caption-title-letter-spacing:var(--h2_typography-letter-spacing);\"><span class=\" fusion-imageframe imageframe-none imageframe-1 hover-type-none fusion-animated\" style=\"margin-left:25px;float:right;\" data-animationType=\"fadeInDown\" data-animationDuration=\"0.5\" data-animationOffset=\"top-into-view\" class=\"image-magnify\" class=\"image-scroll\"><img decoding=\"async\" width=\"600\" height=\"450\" alt=\"noleggio furgoni a Verona\" title=\"product image featured\" src=\"https:\/\/www.varmonoleggio.com\/wp-content\/uploads\/2016\/09\/7a82f86b46703453076add36848f6988.jpg\" class=\"img-responsive wp-image-1241\"\/><\/span><\/div><div class=\"fusion-clearfix\"><\/div><\/div><\/div><div class=\"fusion-layout-column fusion_builder_column fusion-builder-column-3 fusion_builder_column_1_1 1_1 fusion-one-full fusion-column-first fusion-column-last\" style=\"--awb-bg-size:cover;\"><div class=\"fusion-column-wrapper fusion-flex-column-wrapper-legacy\"><div class=\"fusion-text fusion-text-1\"><h1 style=\"text-align: center; font-size: 30px;\">Da oltre vent&#8217;anni un servizio di noleggio veloce, economico ed affidabile<\/h1>\n<p style=\"text-align: center; margin-top: -10px; font-size: 17px;\">Con pi\u00f9 di <span style=\"color: #f9790c;\"><strong>15.000 clienti<\/strong><\/span>, V.a.r.m.o. rappresenta una delle realt\u00e0 <strong><span style=\"color: #f9790c;\">pi\u00f9 complete e\u00a0riconosciute<\/span>\u00a0<\/strong>per il noleggio nel Nord Italia.<\/p>\n<\/div><div class=\"fusion-title title fusion-title-3 fusion-title-text fusion-title-size-one\"><h1 class=\"title-heading-left\" style=\"margin:0;\"><p style=\"text-align: center;\">Noleggiamo piattaforme aeree a Verona, ma anche a Vicenza, Padova, Brescia, Trento, Venezia e in buona parte del Nord Italia.<\/p><\/h1><span class=\"awb-title-spacer\"><\/span><div class=\"title-sep-container\"><div class=\"title-sep sep-double sep-solid\" style=\"border-color:#e0dede;\"><\/div><\/div><\/div><div class=\"fusion-text fusion-text-2\"><p>Noleggio di piattaforme aeree a Verona e provincia: Villafranca di Verona, Legnago, San Giovanni Lupatoto, San Bonifacio, Bussolengo, Sona, Negrar, Pescantina, Cerea, Bovolone, Zevio, Valeggio sul Mincio, Sommacampagna, San Martino Buon Albergo, Castelnuovo del Garda, San Pietro in Cariano, Castel d&#8217;Azzano, Sant&#8217;Ambrogio di Valpolicella, Isola della Scala, Grezzana, Peschiera del Garda, Vigasio, Oppeano, Monteforte d&#8217;Alpone, Cologna Veneta, Nogara, Colognola ai Colli, Lavagno, Caprino Veronese, Caldiero, Mozzecane, Povegliano Veronese, Soave, Buttapietra, Bardolino, Lazise, Arcole, Ronco all&#8217;Adige, Villa Bartolomea, Casaleone, Cavaion Veronese, Gazzo Veronese, Illasi, Albaredo d&#8217;Adige, San Giovanni Ilarione, Veronella, Zimella, Tregnago, Minerbe, Montecchia di Crosara, Fumane, Sanguinetto, Garda, Ronc\u00e0, Castagnaro, Salizzole, Costermano, Malcesine, Nogarole Rocca, Bosco Chiesanuova, Isola Rizza, Marano di Valpolicella, Belfiore, Sorg\u00e0, Pastrengo, San Pietro di Morubio, Torri del Benaco, Trevenzuolo, Roverchiara, Badia Calavena, Dolc\u00e8, Vestenanova, Sant&#8217;Anna d&#8217;Alfaedo, Pressana, Mezzane di Sotto, Brenzone sul Garda, Cerro Veronese, Affi, Terrazzo, Angiari, Rivoli Veronese, Rover\u00e8 Veronese, Bonavigo, Erb\u00e8, Bevilacqua, Roveredo di Gu\u00e0, Cazzano di Tramigna, Boschi Sant&#8217;Anna, Brentino Belluno, San Zeno di Montagna, Pal\u00f9, Concamarise, Selva di Progno, Velo Veronese, Erbezzo, San Mauro di Saline, Ferrara di Monte Baldo.<\/p>\n<\/div><div class=\"fusion-clearfix\"><\/div><\/div><\/div><\/div><\/div>\n","protected":false},"excerpt":{"rendered":"","protected":false},"author":1,"featured_media":0,"parent":0,"menu_order":0,"comment_status":"closed","ping_status":"closed","template":"","meta":[],"yoast_head":"<!-- This site is optimized with the Yoast SEO plugin v20.6 - https:\/\/yoast.com\/wordpress\/plugins\/seo\/ -->\n<title>Noleggio piattaforme aeree | PLE a Verona e provincia<\/title>\n<meta name=\"description\" content=\"Noleggio veloce, economico e professionale di muletti o carrelli elevatori a Verona e provincia\" \/>\n<meta name=\"robots\" content=\"index, follow, max-snippet:-1, max-image-preview:large, max-video-preview:-1\" \/>\n<link rel=\"canonical\" href=\"https:\/\/www.varmonoleggio.com\/it\/noleggio-piattaforme-aeree\/\" \/>\n<meta property=\"og:locale\" content=\"it_IT\" \/>\n<meta property=\"og:type\" content=\"article\" \/>\n<meta property=\"og:title\" content=\"Noleggio piattaforme aeree | PLE a Verona e provincia\" \/>\n<meta property=\"og:description\" content=\"Noleggio veloce, economico e professionale di muletti o carrelli elevatori a Verona e provincia\" \/>\n<meta property=\"og:url\" content=\"https:\/\/www.varmonoleggio.com\/it\/noleggio-piattaforme-aeree\/\" \/>\n<meta property=\"og:site_name\" content=\"Varmo\" \/>\n<meta property=\"article:modified_time\" content=\"2025-05-12T07:24:34+00:00\" \/>\n<meta property=\"og:image\" content=\"https:\/\/www.varmonoleggio.com\/wp-content\/uploads\/2016\/09\/7a82f86b46703453076add36848f6988.jpg\" \/>\n<meta name=\"twitter:card\" content=\"summary_large_image\" \/>\n<meta name=\"twitter:label1\" content=\"Tempo di lettura stimato\" \/>\n\t<meta name=\"twitter:data1\" content=\"4 minuti\" \/>\n<script type=\"application\/ld+json\" class=\"yoast-schema-graph\">{\"@context\":\"https:\/\/schema.org\",\"@graph\":[{\"@type\":\"WebPage\",\"@id\":\"https:\/\/www.varmonoleggio.com\/it\/noleggio-piattaforme-aeree\/\",\"url\":\"https:\/\/www.varmonoleggio.com\/it\/noleggio-piattaforme-aeree\/\",\"name\":\"Noleggio piattaforme aeree | PLE a Verona e provincia\",\"isPartOf\":{\"@id\":\"https:\/\/www.varmonoleggio.com\/it\/#website\"},\"datePublished\":\"2022-07-28T20:08:03+00:00\",\"dateModified\":\"2025-05-12T07:24:34+00:00\",\"description\":\"Noleggio veloce, economico e professionale di muletti o carrelli elevatori a Verona e provincia\",\"breadcrumb\":{\"@id\":\"https:\/\/www.varmonoleggio.com\/it\/noleggio-piattaforme-aeree\/#breadcrumb\"},\"inLanguage\":\"it-IT\",\"potentialAction\":[{\"@type\":\"ReadAction\",\"target\":[\"https:\/\/www.varmonoleggio.com\/it\/noleggio-piattaforme-aeree\/\"]}]},{\"@type\":\"BreadcrumbList\",\"@id\":\"https:\/\/www.varmonoleggio.com\/it\/noleggio-piattaforme-aeree\/#breadcrumb\",\"itemListElement\":[{\"@type\":\"ListItem\",\"position\":1,\"name\":\"Home\",\"item\":\"https:\/\/www.varmonoleggio.com\/it\/\"},{\"@type\":\"ListItem\",\"position\":2,\"name\":\"Noleggio piattaforme aeree | PLE a Verona e provincia\"}]},{\"@type\":\"WebSite\",\"@id\":\"https:\/\/www.varmonoleggio.com\/it\/#website\",\"url\":\"https:\/\/www.varmonoleggio.com\/it\/\",\"name\":\"Varmo\",\"description\":\"Un nuovo sito targato WordPress\",\"publisher\":{\"@id\":\"https:\/\/www.varmonoleggio.com\/it\/#organization\"},\"potentialAction\":[{\"@type\":\"SearchAction\",\"target\":{\"@type\":\"EntryPoint\",\"urlTemplate\":\"https:\/\/www.varmonoleggio.com\/it\/?s={search_term_string}\"},\"query-input\":\"required name=search_term_string\"}],\"inLanguage\":\"it-IT\"},{\"@type\":\"Organization\",\"@id\":\"https:\/\/www.varmonoleggio.com\/it\/#organization\",\"name\":\"Varmo srl\",\"url\":\"https:\/\/www.varmonoleggio.com\/it\/\",\"logo\":{\"@type\":\"ImageObject\",\"inLanguage\":\"it-IT\",\"@id\":\"https:\/\/www.varmonoleggio.com\/it\/#\/schema\/logo\/image\/\",\"url\":\"https:\/\/www.varmonoleggio.com\/wp-content\/uploads\/2016\/08\/favicon.png\",\"contentUrl\":\"https:\/\/www.varmonoleggio.com\/wp-content\/uploads\/2016\/08\/favicon.png\",\"width\":16,\"height\":16,\"caption\":\"Varmo srl\"},\"image\":{\"@id\":\"https:\/\/www.varmonoleggio.com\/it\/#\/schema\/logo\/image\/\"}}]}<\/script>\n<!-- \/ Yoast SEO plugin. -->","yoast_head_json":{"title":"Noleggio piattaforme aeree | PLE a Verona e provincia","description":"Noleggio veloce, economico e professionale di muletti o carrelli elevatori a Verona e provincia","robots":{"index":"index","follow":"follow","max-snippet":"max-snippet:-1","max-image-preview":"max-image-preview:large","max-video-preview":"max-video-preview:-1"},"canonical":"https:\/\/www.varmonoleggio.com\/it\/noleggio-piattaforme-aeree\/","og_locale":"it_IT","og_type":"article","og_title":"Noleggio piattaforme aeree | PLE a Verona e provincia","og_description":"Noleggio veloce, economico e professionale di muletti o carrelli elevatori a Verona e provincia","og_url":"https:\/\/www.varmonoleggio.com\/it\/noleggio-piattaforme-aeree\/","og_site_name":"Varmo","article_modified_time":"2025-05-12T07:24:34+00:00","og_image":[{"url":"https:\/\/www.varmonoleggio.com\/wp-content\/uploads\/2016\/09\/7a82f86b46703453076add36848f6988.jpg"}],"twitter_card":"summary_large_image","twitter_misc":{"Tempo di lettura stimato":"4 minuti"},"schema":{"@context":"https:\/\/schema.org","@graph":[{"@type":"WebPage","@id":"https:\/\/www.varmonoleggio.com\/it\/noleggio-piattaforme-aeree\/","url":"https:\/\/www.varmonoleggio.com\/it\/noleggio-piattaforme-aeree\/","name":"Noleggio piattaforme aeree | PLE a Verona e provincia","isPartOf":{"@id":"https:\/\/www.varmonoleggio.com\/it\/#website"},"datePublished":"2022-07-28T20:08:03+00:00","dateModified":"2025-05-12T07:24:34+00:00","description":"Noleggio veloce, economico e professionale di muletti o carrelli elevatori a Verona e provincia","breadcrumb":{"@id":"https:\/\/www.varmonoleggio.com\/it\/noleggio-piattaforme-aeree\/#breadcrumb"},"inLanguage":"it-IT","potentialAction":[{"@type":"ReadAction","target":["https:\/\/www.varmonoleggio.com\/it\/noleggio-piattaforme-aeree\/"]}]},{"@type":"BreadcrumbList","@id":"https:\/\/www.varmonoleggio.com\/it\/noleggio-piattaforme-aeree\/#breadcrumb","itemListElement":[{"@type":"ListItem","position":1,"name":"Home","item":"https:\/\/www.varmonoleggio.com\/it\/"},{"@type":"ListItem","position":2,"name":"Noleggio piattaforme aeree | PLE a Verona e provincia"}]},{"@type":"WebSite","@id":"https:\/\/www.varmonoleggio.com\/it\/#website","url":"https:\/\/www.varmonoleggio.com\/it\/","name":"Varmo","description":"Un nuovo sito targato WordPress","publisher":{"@id":"https:\/\/www.varmonoleggio.com\/it\/#organization"},"potentialAction":[{"@type":"SearchAction","target":{"@type":"EntryPoint","urlTemplate":"https:\/\/www.varmonoleggio.com\/it\/?s={search_term_string}"},"query-input":"required name=search_term_string"}],"inLanguage":"it-IT"},{"@type":"Organization","@id":"https:\/\/www.varmonoleggio.com\/it\/#organization","name":"Varmo srl","url":"https:\/\/www.varmonoleggio.com\/it\/","logo":{"@type":"ImageObject","inLanguage":"it-IT","@id":"https:\/\/www.varmonoleggio.com\/it\/#\/schema\/logo\/image\/","url":"https:\/\/www.varmonoleggio.com\/wp-content\/uploads\/2016\/08\/favicon.png","contentUrl":"https:\/\/www.varmonoleggio.com\/wp-content\/uploads\/2016\/08\/favicon.png","width":16,"height":16,"caption":"Varmo srl"},"image":{"@id":"https:\/\/www.varmonoleggio.com\/it\/#\/schema\/logo\/image\/"}}]}},"_links":{"self":[{"href":"https:\/\/www.varmonoleggio.com\/it\/wp-json\/wp\/v2\/pages\/3915"}],"collection":[{"href":"https:\/\/www.varmonoleggio.com\/it\/wp-json\/wp\/v2\/pages"}],"about":[{"href":"https:\/\/www.varmonoleggio.com\/it\/wp-json\/wp\/v2\/types\/page"}],"author":[{"embeddable":true,"href":"https:\/\/www.varmonoleggio.com\/it\/wp-json\/wp\/v2\/users\/1"}],"replies":[{"embeddable":true,"href":"https:\/\/www.varmonoleggio.com\/it\/wp-json\/wp\/v2\/comments?post=3915"}],"version-history":[{"count":6,"href":"https:\/\/www.varmonoleggio.com\/it\/wp-json\/wp\/v2\/pages\/3915\/revisions"}],"predecessor-version":[{"id":8059,"href":"https:\/\/www.varmonoleggio.com\/it\/wp-json\/wp\/v2\/pages\/3915\/revisions\/8059"}],"wp:attachment":[{"href":"https:\/\/www.varmonoleggio.com\/it\/wp-json\/wp\/v2\/media?parent=3915"}],"curies":[{"name":"wp","href":"https:\/\/api.w.org\/{rel}","templated":true}]}}