{"id":41,"date":"2016-08-11T19:23:19","date_gmt":"2016-08-11T17:23:19","guid":{"rendered":"http:\/\/www.varmonoleggio.com\/it\/?page_id=41"},"modified":"2023-05-06T17:05:43","modified_gmt":"2023-05-06T15:05:43","slug":"azienda","status":"publish","type":"page","link":"https:\/\/www.varmonoleggio.com\/it\/azienda\/","title":{"rendered":"Azienda"},"content":{"rendered":"<div class=\"fusion-fullwidth fullwidth-box fusion-builder-row-1 nonhundred-percent-fullwidth non-hundred-percent-height-scrolling\" style=\"--awb-background-position:left top;--awb-border-radius-top-left:0px;--awb-border-radius-top-right:0px;--awb-border-radius-bottom-right:0px;--awb-border-radius-bottom-left:0px;--awb-padding-top:20px;--awb-padding-bottom:20px;--awb-border-sizes-top:0px;--awb-border-sizes-bottom:0px;\" ><div class=\"fusion-builder-row fusion-row\"><div class=\"fusion-layout-column fusion_builder_column fusion-builder-column-0 fusion_builder_column_1_2 1_2 fusion-one-half fusion-column-first\" style=\"--awb-bg-size:cover;width:48%; margin-right: 4%;\"><div class=\"fusion-column-wrapper fusion-flex-column-wrapper-legacy\"><div class=\"fusion-text fusion-text-1\"><p>Varmo s.r.l. \u00e8 un\u2019azienda operante nel Veneto specializzata nel <strong>noleggio e nella vendita di autovetture, veicoli commerciali, movimentazione logistica interna (carrelli elevatori, transpallet, trattori elettrici, ecc.), sollevatori telescopici,\u00a0movimento terra e di piattaforme aeree di qualsiasi genere<\/strong>.<\/p>\n<p>Grazie alla <strong>notevole fiducia<\/strong> che i nostri clienti hanno riposto sulla professionalit\u00e0 delle nostre proposte, la ditta \u00e8 cresciuta in modo da offrire le <strong>tecnologie pi\u00f9 produttive, sicure ed efficienti<\/strong>; <span style=\"text-decoration: underline;\">guardando sempre al futuro, alla rapidit\u00e0 ed alla convenienza<\/span>.<\/p>\n<p>Oggi il noleggio \u00e8 sempre pi\u00f9 un protagonista del mercato, e da parte nostra vogliamo consolidare le caratteristiche e la qualit\u00e0 che hanno diffuso questo marchio.<\/p>\n<p>Scegliendo il nostro prodotto troverete l\u2019organizzazione migliore per realizzare i vostri progetti.<\/p>\n<\/div><div class=\"fusion-sep-clear\"><\/div><div class=\"fusion-separator fusion-full-width-sep\" style=\"margin-left: auto;margin-right: auto;margin-bottom:10px;width:100%;\"><\/div><div class=\"fusion-sep-clear\"><\/div><div class=\"fusion-image-element fusion-image-align-center in-legacy-container\" style=\"text-align:center;--awb-bottom-shadow-color:rgba(0,0,0,0.4);--awb-caption-title-font-family:var(--h2_typography-font-family);--awb-caption-title-font-weight:var(--h2_typography-font-weight);--awb-caption-title-font-style:var(--h2_typography-font-style);--awb-caption-title-size:var(--h2_typography-font-size);--awb-caption-title-transform:var(--h2_typography-text-transform);--awb-caption-title-line-height:var(--h2_typography-line-height);--awb-caption-title-letter-spacing:var(--h2_typography-letter-spacing);\"><div class=\"imageframe-align-center\"><div class=\"awb-image-frame awb-image-frame-1 fusion-image-frame-bottomshadow image-frame-shadow-1\"><span class=\" fusion-imageframe imageframe-bottomshadow imageframe-1 element-bottomshadow hover-type-none\" class=\"image-magnify\" class=\"image-scroll\"><img decoding=\"async\" alt=\"Chi siamo\" src=\"http:\/\/www.varmonoleggio.com\/wp-content\/uploads\/2016\/08\/top-azienda.png\" class=\"img-responsive\"\/><\/span><\/div><\/div><\/div><div class=\"fusion-clearfix\"><\/div><\/div><\/div><div class=\"fusion-layout-column fusion_builder_column fusion-builder-column-1 fusion_builder_column_1_2 1_2 fusion-one-half fusion-column-last\" style=\"--awb-bg-size:cover;width:48%;\"><div class=\"fusion-column-wrapper fusion-flex-column-wrapper-legacy\"><div class=\"fusion-title title fusion-title-1 fusion-title-text fusion-title-size-one\"><h1 class=\"title-heading-left\" style=\"margin:0;\">Seguici su Facebook!<\/h1><span class=\"awb-title-spacer\"><\/span><div class=\"title-sep-container\"><div class=\"title-sep sep-double sep-solid\" style=\"border-color:#e0dede;\"><\/div><\/div><\/div><iframe src=\"https:\/\/www.facebook.com\/plugins\/page.php?href=https%3A%2F%2Fwww.facebook.com%2FVARMO-srl-Piattaforme-Sollevatori-Furgoni-211475628917980%2F&tabs=timeline&width=600&height=500&small_header=false&adapt_container_width=true&hide_cover=false&show_facepile=true&appId=138532856237097\" width=\"100%\" height=\"500\" style=\"border:none;overflow:hidden\" scrolling=\"no\" frameborder=\"0\" allowTransparency=\"true\"><\/iframe><div class=\"fusion-clearfix\"><\/div><\/div><\/div><\/div><\/div>\n","protected":false},"excerpt":{"rendered":"","protected":false},"author":1,"featured_media":0,"parent":0,"menu_order":0,"comment_status":"closed","ping_status":"closed","template":"","meta":[],"yoast_head":"<!-- This site is optimized with the Yoast SEO plugin v20.6 - https:\/\/yoast.com\/wordpress\/plugins\/seo\/ -->\n<title>Azienda - Varmo<\/title>\n<meta name=\"robots\" content=\"index, follow, max-snippet:-1, max-image-preview:large, max-video-preview:-1\" \/>\n<link rel=\"canonical\" href=\"https:\/\/www.varmonoleggio.com\/it\/azienda\/\" \/>\n<meta property=\"og:locale\" content=\"it_IT\" \/>\n<meta property=\"og:type\" content=\"article\" \/>\n<meta property=\"og:title\" content=\"Azienda - Varmo\" \/>\n<meta property=\"og:url\" content=\"https:\/\/www.varmonoleggio.com\/it\/azienda\/\" \/>\n<meta property=\"og:site_name\" content=\"Varmo\" \/>\n<meta property=\"article:modified_time\" content=\"2023-05-06T15:05:43+00:00\" \/>\n<meta property=\"og:image\" content=\"http:\/\/www.varmonoleggio.com\/wp-content\/uploads\/2016\/08\/top-azienda.png\" \/>\n<meta name=\"twitter:card\" content=\"summary_large_image\" \/>\n<meta name=\"twitter:label1\" content=\"Tempo di lettura stimato\" \/>\n\t<meta name=\"twitter:data1\" content=\"2 minuti\" \/>\n<script type=\"application\/ld+json\" class=\"yoast-schema-graph\">{\"@context\":\"https:\/\/schema.org\",\"@graph\":[{\"@type\":\"WebPage\",\"@id\":\"https:\/\/www.varmonoleggio.com\/it\/azienda\/\",\"url\":\"https:\/\/www.varmonoleggio.com\/it\/azienda\/\",\"name\":\"Azienda - Varmo\",\"isPartOf\":{\"@id\":\"https:\/\/www.varmonoleggio.com\/it\/#website\"},\"datePublished\":\"2016-08-11T17:23:19+00:00\",\"dateModified\":\"2023-05-06T15:05:43+00:00\",\"breadcrumb\":{\"@id\":\"https:\/\/www.varmonoleggio.com\/it\/azienda\/#breadcrumb\"},\"inLanguage\":\"it-IT\",\"potentialAction\":[{\"@type\":\"ReadAction\",\"target\":[\"https:\/\/www.varmonoleggio.com\/it\/azienda\/\"]}]},{\"@type\":\"BreadcrumbList\",\"@id\":\"https:\/\/www.varmonoleggio.com\/it\/azienda\/#breadcrumb\",\"itemListElement\":[{\"@type\":\"ListItem\",\"position\":1,\"name\":\"Home\",\"item\":\"https:\/\/www.varmonoleggio.com\/it\/\"},{\"@type\":\"ListItem\",\"position\":2,\"name\":\"Azienda\"}]},{\"@type\":\"WebSite\",\"@id\":\"https:\/\/www.varmonoleggio.com\/it\/#website\",\"url\":\"https:\/\/www.varmonoleggio.com\/it\/\",\"name\":\"Varmo\",\"description\":\"Un nuovo sito targato WordPress\",\"publisher\":{\"@id\":\"https:\/\/www.varmonoleggio.com\/it\/#organization\"},\"potentialAction\":[{\"@type\":\"SearchAction\",\"target\":{\"@type\":\"EntryPoint\",\"urlTemplate\":\"https:\/\/www.varmonoleggio.com\/it\/?s={search_term_string}\"},\"query-input\":\"required name=search_term_string\"}],\"inLanguage\":\"it-IT\"},{\"@type\":\"Organization\",\"@id\":\"https:\/\/www.varmonoleggio.com\/it\/#organization\",\"name\":\"Varmo srl\",\"url\":\"https:\/\/www.varmonoleggio.com\/it\/\",\"logo\":{\"@type\":\"ImageObject\",\"inLanguage\":\"it-IT\",\"@id\":\"https:\/\/www.varmonoleggio.com\/it\/#\/schema\/logo\/image\/\",\"url\":\"https:\/\/www.varmonoleggio.com\/wp-content\/uploads\/2016\/08\/favicon.png\",\"contentUrl\":\"https:\/\/www.varmonoleggio.com\/wp-content\/uploads\/2016\/08\/favicon.png\",\"width\":16,\"height\":16,\"caption\":\"Varmo srl\"},\"image\":{\"@id\":\"https:\/\/www.varmonoleggio.com\/it\/#\/schema\/logo\/image\/\"}}]}<\/script>\n<!-- \/ Yoast SEO plugin. -->","yoast_head_json":{"title":"Azienda - Varmo","robots":{"index":"index","follow":"follow","max-snippet":"max-snippet:-1","max-image-preview":"max-image-preview:large","max-video-preview":"max-video-preview:-1"},"canonical":"https:\/\/www.varmonoleggio.com\/it\/azienda\/","og_locale":"it_IT","og_type":"article","og_title":"Azienda - Varmo","og_url":"https:\/\/www.varmonoleggio.com\/it\/azienda\/","og_site_name":"Varmo","article_modified_time":"2023-05-06T15:05:43+00:00","og_image":[{"url":"http:\/\/www.varmonoleggio.com\/wp-content\/uploads\/2016\/08\/top-azienda.png"}],"twitter_card":"summary_large_image","twitter_misc":{"Tempo di lettura stimato":"2 minuti"},"schema":{"@context":"https:\/\/schema.org","@graph":[{"@type":"WebPage","@id":"https:\/\/www.varmonoleggio.com\/it\/azienda\/","url":"https:\/\/www.varmonoleggio.com\/it\/azienda\/","name":"Azienda - Varmo","isPartOf":{"@id":"https:\/\/www.varmonoleggio.com\/it\/#website"},"datePublished":"2016-08-11T17:23:19+00:00","dateModified":"2023-05-06T15:05:43+00:00","breadcrumb":{"@id":"https:\/\/www.varmonoleggio.com\/it\/azienda\/#breadcrumb"},"inLanguage":"it-IT","potentialAction":[{"@type":"ReadAction","target":["https:\/\/www.varmonoleggio.com\/it\/azienda\/"]}]},{"@type":"BreadcrumbList","@id":"https:\/\/www.varmonoleggio.com\/it\/azienda\/#breadcrumb","itemListElement":[{"@type":"ListItem","position":1,"name":"Home","item":"https:\/\/www.varmonoleggio.com\/it\/"},{"@type":"ListItem","position":2,"name":"Azienda"}]},{"@type":"WebSite","@id":"https:\/\/www.varmonoleggio.com\/it\/#website","url":"https:\/\/www.varmonoleggio.com\/it\/","name":"Varmo","description":"Un nuovo sito targato WordPress","publisher":{"@id":"https:\/\/www.varmonoleggio.com\/it\/#organization"},"potentialAction":[{"@type":"SearchAction","target":{"@type":"EntryPoint","urlTemplate":"https:\/\/www.varmonoleggio.com\/it\/?s={search_term_string}"},"query-input":"required name=search_term_string"}],"inLanguage":"it-IT"},{"@type":"Organization","@id":"https:\/\/www.varmonoleggio.com\/it\/#organization","name":"Varmo srl","url":"https:\/\/www.varmonoleggio.com\/it\/","logo":{"@type":"ImageObject","inLanguage":"it-IT","@id":"https:\/\/www.varmonoleggio.com\/it\/#\/schema\/logo\/image\/","url":"https:\/\/www.varmonoleggio.com\/wp-content\/uploads\/2016\/08\/favicon.png","contentUrl":"https:\/\/www.varmonoleggio.com\/wp-content\/uploads\/2016\/08\/favicon.png","width":16,"height":16,"caption":"Varmo srl"},"image":{"@id":"https:\/\/www.varmonoleggio.com\/it\/#\/schema\/logo\/image\/"}}]}},"_links":{"self":[{"href":"https:\/\/www.varmonoleggio.com\/it\/wp-json\/wp\/v2\/pages\/41"}],"collection":[{"href":"https:\/\/www.varmonoleggio.com\/it\/wp-json\/wp\/v2\/pages"}],"about":[{"href":"https:\/\/www.varmonoleggio.com\/it\/wp-json\/wp\/v2\/types\/page"}],"author":[{"embeddable":true,"href":"https:\/\/www.varmonoleggio.com\/it\/wp-json\/wp\/v2\/users\/1"}],"replies":[{"embeddable":true,"href":"https:\/\/www.varmonoleggio.com\/it\/wp-json\/wp\/v2\/comments?post=41"}],"version-history":[{"count":9,"href":"https:\/\/www.varmonoleggio.com\/it\/wp-json\/wp\/v2\/pages\/41\/revisions"}],"predecessor-version":[{"id":4920,"href":"https:\/\/www.varmonoleggio.com\/it\/wp-json\/wp\/v2\/pages\/41\/revisions\/4920"}],"wp:attachment":[{"href":"https:\/\/www.varmonoleggio.com\/it\/wp-json\/wp\/v2\/media?parent=41"}],"curies":[{"name":"wp","href":"https:\/\/api.w.org\/{rel}","templated":true}]}}